{"id":6,"date":"2022-02-10T19:18:33","date_gmt":"2022-02-10T19:18:33","guid":{"rendered":"https:\/\/lavidaesoxigeno.com\/?page_id=6"},"modified":"2025-12-03T02:57:42","modified_gmt":"2025-12-03T02:57:42","slug":"inicio","status":"publish","type":"page","link":"https:\/\/lavidaesoxigeno.com\/","title":{"rendered":"Inicio"},"content":{"rendered":"<p>[et_pb_section fb_built=\u00bb1&#8243; _builder_version=\u00bb4.3.2&#8243; hover_enabled=\u00bb0&#8243; custom_padding=\u00bb0px||||false|false\u00bb custom_margin=\u00bb0px||||false|false\u00bb][et_pb_row use_custom_gutter=\u00bbon\u00bb gutter_width=\u00bb1&#8243; _builder_version=\u00bb4.3.2&#8243; width=\u00bb100%\u00bb hover_enabled=\u00bb0&#8243; max_width=\u00bb2560px\u00bb custom_padding=\u00bb0px||||false|false\u00bb][et_pb_column type=\u00bb4_4&#8243; _builder_version=\u00bb4.3.2&#8243;][et_pb_image src=\u00bbhttps:\/\/lavidaesoxigeno.com\/wp-content\/uploads\/2025\/12\/bg-lavida3.jpg\u00bb _builder_version=\u00bb4.3.2&#8243; hover_enabled=\u00bb0&#8243;][\/et_pb_image][et_pb_video src=\u00bbhttps:\/\/www.youtube.com\/watch?v=oRrrYhyKCok\u00bb _builder_version=\u00bb4.3.2&#8243; width=\u00bb68%\u00bb width_tablet=\u00bb\u00bb width_phone=\u00bb76%\u00bb width_last_edited=\u00bbon|phone\u00bb module_alignment=\u00bbcenter\u00bb hover_enabled=\u00bb0&#8243; box_shadow_style=\u00bbpreset1&#8243; box_shadow_color=\u00bbrgba(0,0,0,0.79)\u00bb width__hover_enabled=\u00bboff|desktop\u00bb custom_margin=\u00bb-53px||||false|false\u00bb custom_margin_last_edited=\u00bbon|phone\u00bb custom_margin_phone=\u00bb-20px||||false|false\u00bb max_width_last_edited=\u00bbon|phone\u00bb max_width_phone=\u00bb76%\u00bb][\/et_pb_video][et_pb_text _builder_version=\u00bb4.3.2&#8243; text_text_color=\u00bb#000000&#8243; text_line_height=\u00bb0.9em\u00bb width=\u00bb80%\u00bb width_tablet=\u00bb\u00bb width_phone=\u00bb88%\u00bb width_last_edited=\u00bbon|desktop\u00bb module_alignment=\u00bbcenter\u00bb hover_enabled=\u00bb0&#8243;]<\/p>\n<h1><\/h1>\n<h1><\/h1>\n<h1><strong>Tu ELIGES.<\/strong><\/h1>\n<p>&nbsp;<\/p>\n<table>\n<tbody>\n<tr style=\"background: indigo;\">\n<th style=\"color: #fff;\">Marca<\/th>\n<th style=\"color: #fff;\">Descripci\u00f3n<\/th>\n<th style=\"color: #fff;\">Adquirir<\/th>\n<\/tr>\n<tr>\n<td>\n<h3><span style=\"color: #2bb5f0;\"><strong>CELLFOOD<\/strong><\/span><\/h3>\n<\/td>\n<td>\n<p>Ox\u00edgeno L\u00edquido.<\/p>\n<p>M\u00e1s de 50 a\u00f1os en el mercado a nivel mundial<\/p>\n<\/td>\n<td><a href=\"https:\/\/cellfood.com.co\/product\/cellfood-oxigeno-liquido\/\">Ver m\u00e1s<\/a><\/td>\n<\/tr>\n<tr>\n<td style=\"text-align: center;\">\n<h2 style=\"text-align: left;\"><span style=\"color: #c97800;\"><strong>S\u00edlica<\/strong><\/span><\/h2>\n<\/td>\n<td>\n<p>Ox\u00edgeno L\u00edquido.<\/p>\n<p>17 a\u00f1os en el\u00a0 mercado<\/p>\n<\/td>\n<td><a href=\"https:\/\/cellfood.com.co\/product\/silica-esencial\/\">Saber m\u00e1s<\/a><\/td>\n<\/tr>\n<\/tbody>\n<\/table>\n<p>&nbsp;<\/p>\n<p>&nbsp;<\/p>\n<p>[\/et_pb_text][\/et_pb_column][\/et_pb_row][\/et_pb_section][et_pb_section fb_built=\u00bb1&#8243; prev_background_color=\u00bb#ffffff\u00bb _builder_version=\u00bb4.3.2&#8243; background_color=\u00bb#0C71C3&#8243; min_height=\u00bb35em\u00bb custom_padding=\u00bb||25px|||\u00bb top_divider_style=\u00bbcurve2&#8243; top_divider_flip=\u00bbvertical\u00bb][et_pb_row column_structure=\u00bb1_2,1_2&#8243; _builder_version=\u00bb4.3.2&#8243; background_color=\u00bb#FFFFFF\u00bb positioning=\u00bbnone\u00bb z_index=\u00bb500&#8243; width=\u00bb60%\u00bb width_tablet=\u00bb\u00bb width_phone=\u00bb80%\u00bb width_last_edited=\u00bbon|phone\u00bb module_alignment=\u00bbcenter\u00bb custom_padding=\u00bb30px|30px|30px|30px|true|true\u00bb][et_pb_column type=\u00bb1_2&#8243; _builder_version=\u00bb4.3.2&#8243;][et_pb_text _builder_version=\u00bb4.3.2&#8243; text_text_color=\u00bb#000000&#8243; text_font_size=\u00bb18px\u00bb header_font=\u00bb|700|||||||\u00bb custom_padding=\u00bb|||30px|false|false\u00bb hover_enabled=\u00bb0&#8243;]<\/p>\n<h1>Cont\u00e1ctanos<\/h1>\n<p><strong>Encuentra asesor\u00eda inmediata<\/strong><\/p>\n<h2><strong>Luz Marina Brice\u00f1o Z.<\/strong><\/h2>\n<h2><strong>Javier A. P\u00e9rez L.<\/strong><\/h2>\n<p><strong><\/strong><\/p>\n<p><strong>Celular: <span style=\"color: #008000;\">301 704 97 00<\/span><\/strong><\/p>\n<p>[\/et_pb_text][et_pb_image src=\u00bbhttps:\/\/lavidaesoxigeno.com\/wp-content\/uploads\/2022\/02\/Sin-titulo-1.png\u00bb _builder_version=\u00bb4.3.2&#8243; positioning=\u00bbabsolute\u00bb horizontal_offset=\u00bb-26em\u00bb width=\u00bb100%\u00bb hover_enabled=\u00bb0&#8243; disabled_on=\u00bbon|on|off\u00bb][\/et_pb_image][\/et_pb_column][et_pb_column type=\u00bb1_2&#8243; _builder_version=\u00bb4.3.2&#8243;][et_pb_button button_url=\u00bbhttps:\/\/api.whatsapp.com\/send?phone=573174707713&#8243; button_text=\u00bbWhatsapp\u00bb button_alignment=\u00bbcenter\u00bb _builder_version=\u00bb4.3.2&#8243; custom_button=\u00bbon\u00bb button_text_color=\u00bb#7CDA24&#8243; button_border_width=\u00bb2px\u00bb button_border_radius=\u00bb100px\u00bb hover_enabled=\u00bb0&#8243; box_shadow_style=\u00bbpreset1&#8243; button_bg_color__hover_enabled=\u00bbon|hover\u00bb button_bg_color__hover=\u00bb#7CDA24&#8243; button_bg_enable_color__hover=\u00bbon\u00bb button_text_color__hover_enabled=\u00bbon|hover\u00bb button_text_color__hover=\u00bb#FFFFFF\u00bb][\/et_pb_button][et_pb_button button_url=\u00bbhttps:\/\/api.whatsapp.com\/send?phone=573174707713&#8243; button_text=\u00bbTe llamamos?\u00bb button_alignment=\u00bbcenter\u00bb module_class=\u00bbpopmake-80&#8243; _builder_version=\u00bb4.3.2&#8243; custom_button=\u00bbon\u00bb button_text_color=\u00bb#0C71C3&#8243; button_border_width=\u00bb2px\u00bb button_border_radius=\u00bb100px\u00bb hover_enabled=\u00bb0&#8243; box_shadow_style=\u00bbpreset1&#8243; button_bg_color__hover_enabled=\u00bbon|hover\u00bb button_bg_color__hover=\u00bb#0C71C3&#8243; button_bg_enable_color__hover=\u00bbon\u00bb button_text_color__hover_enabled=\u00bbon|hover\u00bb button_text_color__hover=\u00bb#FFFFFF\u00bb][\/et_pb_button][et_pb_button button_url=\u00bbtel:3017049711&#8243; button_text=\u00bbLl\u00e1manos\u00bb button_alignment=\u00bbcenter\u00bb disabled_on=\u00bboff|off|on\u00bb _builder_version=\u00bb4.3.2&#8243; custom_button=\u00bbon\u00bb button_text_color=\u00bb#8300E9&#8243; button_border_width=\u00bb2px\u00bb button_border_radius=\u00bb100px\u00bb hover_enabled=\u00bb0&#8243; box_shadow_style=\u00bbpreset1&#8243; button_bg_color__hover_enabled=\u00bbon|hover\u00bb button_bg_color__hover=\u00bb#8300E9&#8243; button_bg_enable_color__hover=\u00bbon\u00bb button_text_color__hover_enabled=\u00bbon|hover\u00bb button_text_color__hover=\u00bb#FFFFFF\u00bb][\/et_pb_button][\/et_pb_column][\/et_pb_row][et_pb_row disabled_on=\u00bbon|on|on\u00bb _builder_version=\u00bb4.3.2&#8243; disabled=\u00bbon\u00bb][et_pb_column type=\u00bb4_4&#8243; _builder_version=\u00bb4.3.2&#8243;][et_pb_contact_form email=\u00bbgerencia@oxigenoliquido.com\u00bb _builder_version=\u00bb4.3.2&#8243; captcha_font=\u00bb|700|||||||\u00bb captcha_text_color=\u00bb#000000&#8243; captcha_font_size=\u00bb18px\u00bb width=\u00bb72%\u00bb box_shadow_style=\u00bbpreset1&#8243;][et_pb_contact_field field_id=\u00bbName\u00bb field_title=\u00bbNombre\u00bb fullwidth_field=\u00bbon\u00bb _builder_version=\u00bb4.3.2&#8243; button_text_size__hover_enabled=\u00bboff\u00bb button_one_text_size__hover_enabled=\u00bboff\u00bb button_two_text_size__hover_enabled=\u00bboff\u00bb button_text_color__hover_enabled=\u00bboff\u00bb button_one_text_color__hover_enabled=\u00bboff\u00bb button_two_text_color__hover_enabled=\u00bboff\u00bb button_border_width__hover_enabled=\u00bboff\u00bb button_one_border_width__hover_enabled=\u00bboff\u00bb button_two_border_width__hover_enabled=\u00bboff\u00bb button_border_color__hover_enabled=\u00bboff\u00bb button_one_border_color__hover_enabled=\u00bboff\u00bb button_two_border_color__hover_enabled=\u00bboff\u00bb button_border_radius__hover_enabled=\u00bboff\u00bb button_one_border_radius__hover_enabled=\u00bboff\u00bb button_two_border_radius__hover_enabled=\u00bboff\u00bb button_letter_spacing__hover_enabled=\u00bboff\u00bb button_one_letter_spacing__hover_enabled=\u00bboff\u00bb button_two_letter_spacing__hover_enabled=\u00bboff\u00bb button_bg_color__hover_enabled=\u00bboff\u00bb button_one_bg_color__hover_enabled=\u00bboff\u00bb button_two_bg_color__hover_enabled=\u00bboff\u00bb][\/et_pb_contact_field][et_pb_contact_field field_id=\u00bbEmail\u00bb field_title=\u00bbDirecci\u00f3n de correo electr\u00f3nico\u00bb field_type=\u00bbemail\u00bb fullwidth_field=\u00bbon\u00bb _builder_version=\u00bb4.3.2&#8243; button_text_size__hover_enabled=\u00bboff\u00bb button_one_text_size__hover_enabled=\u00bboff\u00bb button_two_text_size__hover_enabled=\u00bboff\u00bb button_text_color__hover_enabled=\u00bboff\u00bb button_one_text_color__hover_enabled=\u00bboff\u00bb button_two_text_color__hover_enabled=\u00bboff\u00bb button_border_width__hover_enabled=\u00bboff\u00bb button_one_border_width__hover_enabled=\u00bboff\u00bb button_two_border_width__hover_enabled=\u00bboff\u00bb button_border_color__hover_enabled=\u00bboff\u00bb button_one_border_color__hover_enabled=\u00bboff\u00bb button_two_border_color__hover_enabled=\u00bboff\u00bb button_border_radius__hover_enabled=\u00bboff\u00bb button_one_border_radius__hover_enabled=\u00bboff\u00bb button_two_border_radius__hover_enabled=\u00bboff\u00bb button_letter_spacing__hover_enabled=\u00bboff\u00bb button_one_letter_spacing__hover_enabled=\u00bboff\u00bb button_two_letter_spacing__hover_enabled=\u00bboff\u00bb button_bg_color__hover_enabled=\u00bboff\u00bb button_one_bg_color__hover_enabled=\u00bboff\u00bb button_two_bg_color__hover_enabled=\u00bboff\u00bb][\/et_pb_contact_field][et_pb_contact_field field_id=\u00bbN\u00famero\u00bb field_title=\u00bbM\u00f3vil\u00bb fullwidth_field=\u00bbon\u00bb _builder_version=\u00bb4.3.2&#8243; button_text_size__hover_enabled=\u00bboff\u00bb button_one_text_size__hover_enabled=\u00bboff\u00bb button_two_text_size__hover_enabled=\u00bboff\u00bb button_text_color__hover_enabled=\u00bboff\u00bb button_one_text_color__hover_enabled=\u00bboff\u00bb button_two_text_color__hover_enabled=\u00bboff\u00bb button_border_width__hover_enabled=\u00bboff\u00bb button_one_border_width__hover_enabled=\u00bboff\u00bb button_two_border_width__hover_enabled=\u00bboff\u00bb button_border_color__hover_enabled=\u00bboff\u00bb button_one_border_color__hover_enabled=\u00bboff\u00bb button_two_border_color__hover_enabled=\u00bboff\u00bb button_border_radius__hover_enabled=\u00bboff\u00bb button_one_border_radius__hover_enabled=\u00bboff\u00bb button_two_border_radius__hover_enabled=\u00bboff\u00bb button_letter_spacing__hover_enabled=\u00bboff\u00bb button_one_letter_spacing__hover_enabled=\u00bboff\u00bb button_two_letter_spacing__hover_enabled=\u00bboff\u00bb button_bg_color__hover_enabled=\u00bboff\u00bb button_one_bg_color__hover_enabled=\u00bboff\u00bb button_two_bg_color__hover_enabled=\u00bboff\u00bb][\/et_pb_contact_field][et_pb_contact_field field_id=\u00bbMessage\u00bb field_title=\u00bbMensaje\u00bb field_type=\u00bbtext\u00bb fullwidth_field=\u00bbon\u00bb _builder_version=\u00bb3.16&#8243; button_text_size__hover_enabled=\u00bboff\u00bb button_one_text_size__hover_enabled=\u00bboff\u00bb button_two_text_size__hover_enabled=\u00bboff\u00bb button_text_color__hover_enabled=\u00bboff\u00bb button_one_text_color__hover_enabled=\u00bboff\u00bb button_two_text_color__hover_enabled=\u00bboff\u00bb button_border_width__hover_enabled=\u00bboff\u00bb button_one_border_width__hover_enabled=\u00bboff\u00bb button_two_border_width__hover_enabled=\u00bboff\u00bb button_border_color__hover_enabled=\u00bboff\u00bb button_one_border_color__hover_enabled=\u00bboff\u00bb button_two_border_color__hover_enabled=\u00bboff\u00bb button_border_radius__hover_enabled=\u00bboff\u00bb button_one_border_radius__hover_enabled=\u00bboff\u00bb button_two_border_radius__hover_enabled=\u00bboff\u00bb button_letter_spacing__hover_enabled=\u00bboff\u00bb button_one_letter_spacing__hover_enabled=\u00bboff\u00bb button_two_letter_spacing__hover_enabled=\u00bboff\u00bb button_bg_color__hover_enabled=\u00bboff\u00bb button_one_bg_color__hover_enabled=\u00bboff\u00bb button_two_bg_color__hover_enabled=\u00bboff\u00bb][\/et_pb_contact_field][\/et_pb_contact_form][\/et_pb_column][\/et_pb_row][\/et_pb_section]<\/p>\n","protected":false},"excerpt":{"rendered":"<p>[et_pb_section fb_built=\u00bb1&#8243; _builder_version=\u00bb4.3.2&#8243; hover_enabled=\u00bb0&#8243; custom_padding=\u00bb0px||||false|false\u00bb custom_margin=\u00bb0px||||false|false\u00bb][et_pb_row use_custom_gutter=\u00bbon\u00bb gutter_width=\u00bb1&#8243; _builder_version=\u00bb4.3.2&#8243; width=\u00bb100%\u00bb hover_enabled=\u00bb0&#8243; max_width=\u00bb2560px\u00bb custom_padding=\u00bb0px||||false|false\u00bb][et_pb_column type=\u00bb4_4&#8243; _builder_version=\u00bb4.3.2&#8243;][et_pb_image src=\u00bbhttps:\/\/lavidaesoxigeno.com\/wp-content\/uploads\/2025\/12\/bg-lavida3.jpg\u00bb _builder_version=\u00bb4.3.2&#8243; hover_enabled=\u00bb0&#8243;][\/et_pb_image][et_pb_video src=\u00bbhttps:\/\/www.youtube.com\/watch?v=oRrrYhyKCok\u00bb _builder_version=\u00bb4.3.2&#8243; width=\u00bb68%\u00bb width_tablet=\u00bb\u00bb width_phone=\u00bb76%\u00bb width_last_edited=\u00bbon|phone\u00bb module_alignment=\u00bbcenter\u00bb hover_enabled=\u00bb0&#8243; box_shadow_style=\u00bbpreset1&#8243; box_shadow_color=\u00bbrgba(0,0,0,0.79)\u00bb width__hover_enabled=\u00bboff|desktop\u00bb custom_margin=\u00bb-53px||||false|false\u00bb custom_margin_last_edited=\u00bbon|phone\u00bb custom_margin_phone=\u00bb-20px||||false|false\u00bb max_width_last_edited=\u00bbon|phone\u00bb max_width_phone=\u00bb76%\u00bb][\/et_pb_video][et_pb_text _builder_version=\u00bb4.3.2&#8243; text_text_color=\u00bb#000000&#8243; text_line_height=\u00bb0.9em\u00bb width=\u00bb80%\u00bb width_tablet=\u00bb\u00bb width_phone=\u00bb88%\u00bb width_last_edited=\u00bbon|desktop\u00bb module_alignment=\u00bbcenter\u00bb hover_enabled=\u00bb0&#8243;] Tu ELIGES. &nbsp; Marca Descripci\u00f3n Adquirir CELLFOOD Ox\u00edgeno L\u00edquido. M\u00e1s de 50 [&hellip;]<\/p>\n","protected":false},"author":1,"featured_media":0,"parent":0,"menu_order":0,"comment_status":"closed","ping_status":"closed","template":"page-template-blank.php","meta":{"_et_pb_use_builder":"on","_et_pb_old_content":"","_et_gb_content_width":"","footnotes":""},"class_list":["post-6","page","type-page","status-publish","hentry"],"_links":{"self":[{"href":"https:\/\/lavidaesoxigeno.com\/index.php\/wp-json\/wp\/v2\/pages\/6","targetHints":{"allow":["GET"]}}],"collection":[{"href":"https:\/\/lavidaesoxigeno.com\/index.php\/wp-json\/wp\/v2\/pages"}],"about":[{"href":"https:\/\/lavidaesoxigeno.com\/index.php\/wp-json\/wp\/v2\/types\/page"}],"author":[{"embeddable":true,"href":"https:\/\/lavidaesoxigeno.com\/index.php\/wp-json\/wp\/v2\/users\/1"}],"replies":[{"embeddable":true,"href":"https:\/\/lavidaesoxigeno.com\/index.php\/wp-json\/wp\/v2\/comments?post=6"}],"version-history":[{"count":58,"href":"https:\/\/lavidaesoxigeno.com\/index.php\/wp-json\/wp\/v2\/pages\/6\/revisions"}],"predecessor-version":[{"id":117,"href":"https:\/\/lavidaesoxigeno.com\/index.php\/wp-json\/wp\/v2\/pages\/6\/revisions\/117"}],"wp:attachment":[{"href":"https:\/\/lavidaesoxigeno.com\/index.php\/wp-json\/wp\/v2\/media?parent=6"}],"curies":[{"name":"wp","href":"https:\/\/api.w.org\/{rel}","templated":true}]}}